{"id":165,"date":"2021-07-15T16:23:19","date_gmt":"2021-07-15T14:23:19","guid":{"rendered":"https:\/\/www.akademia-umiejetnosci.ue.katowice.pl\/?page_id=165"},"modified":"2021-09-24T20:09:01","modified_gmt":"2021-09-24T18:09:01","slug":"rejestracja-na-szkolenie","status":"publish","type":"page","link":"https:\/\/www.akademia-umiejetnosci.ue.katowice.pl\/index.php\/rejestracja-na-szkolenie\/","title":{"rendered":"Rejestracja na szkolenie"},"content":{"rendered":"\t\t<div data-elementor-type=\"wp-page\" data-elementor-id=\"165\" class=\"elementor elementor-165\" data-elementor-settings=\"[]\">\n\t\t\t\t\t\t\t<div class=\"elementor-section-wrap\">\n\t\t\t\t\t\t\t<section class=\"elementor-section elementor-top-section elementor-element elementor-element-496c9d55 elementor-section-boxed elementor-section-height-default elementor-section-height-default\" data-id=\"496c9d55\" data-element_type=\"section\">\n\t\t\t\t\t\t<div class=\"elementor-container elementor-column-gap-default\">\n\t\t\t\t\t<div class=\"elementor-column elementor-col-100 elementor-top-column elementor-element elementor-element-530154a5\" data-id=\"530154a5\" data-element_type=\"column\">\n\t\t\t<div class=\"elementor-widget-wrap elementor-element-populated\">\n\t\t\t\t\t\t\t\t<div class=\"elementor-element elementor-element-388795c3 elementor-widget elementor-widget-text-editor\" data-id=\"388795c3\" data-element_type=\"widget\" data-widget_type=\"text-editor.default\">\n\t\t\t\t<div class=\"elementor-widget-container\">\n\t\t\t\t\t\t\t<!-- wp:contact-form-7\/contact-form-selector {\"id\":164,\"title\":\"Rejestracja na szkolenie\"} -->\n<div class=\"wp-block-contact-form-7-contact-form-selector\"><div role=\"form\" class=\"wpcf7\" id=\"wpcf7-f164-o1\" lang=\"pl-PL\" dir=\"ltr\">\n<div class=\"screen-reader-response\"><p role=\"status\" aria-live=\"polite\" aria-atomic=\"true\"><\/p> <ul><\/ul><\/div>\n<form action=\"\/index.php\/wp-json\/wp\/v2\/pages\/165#wpcf7-f164-o1\" method=\"post\" class=\"wpcf7-form init\" novalidate=\"novalidate\" data-status=\"init\">\n<div style=\"display: none;\">\n<input type=\"hidden\" name=\"_wpcf7\" value=\"164\" \/>\n<input type=\"hidden\" name=\"_wpcf7_version\" value=\"5.4.2\" \/>\n<input type=\"hidden\" name=\"_wpcf7_locale\" value=\"pl_PL\" \/>\n<input type=\"hidden\" name=\"_wpcf7_unit_tag\" value=\"wpcf7-f164-o1\" \/>\n<input type=\"hidden\" name=\"_wpcf7_container_post\" value=\"0\" \/>\n<input type=\"hidden\" name=\"_wpcf7_posted_data_hash\" value=\"\" \/>\n<\/div>\n<p><label> Nazwa szkolenia<br \/>\n    <span class=\"wpcf7-form-control-wrap Szkolenie\"><select name=\"Szkolenie\" class=\"wpcf7-form-control wpcf7-select\" aria-invalid=\"false\"><option value=\"\">&#8212;<\/option><option value=\"7-8.12.2021- Samodzielne tworzenie raport\u00f3w na potrzeby firmy\">7-8.12.2021- Samodzielne tworzenie raport\u00f3w na potrzeby firmy<\/option><option value=\"21-22.12.2021- Obs\u0142uga faktur sprzeda\u017cy\">21-22.12.2021- Obs\u0142uga faktur sprzeda\u017cy<\/option><option value=\"29-30.11.2021- FKK. Tajniki rozliczania koszt\u00f3w\">29-30.11.2021- FKK. Tajniki rozliczania koszt\u00f3w<\/option><\/select><\/span>  <\/label><\/p>\n<p><label> Imi\u0119 i Nazwisko* <span class=\"wpcf7-form-control-wrap your-name\"><input type=\"text\" name=\"your-name\" value=\"\" size=\"40\" class=\"wpcf7-form-control wpcf7-text wpcf7-validates-as-required\" aria-required=\"true\" aria-invalid=\"false\" \/><\/span> <\/label><\/p>\n<p><label> Firma* <span class=\"wpcf7-form-control-wrap Firma\"><input type=\"text\" name=\"Firma\" value=\"\" size=\"40\" class=\"wpcf7-form-control wpcf7-text wpcf7-validates-as-required\" aria-required=\"true\" aria-invalid=\"false\" \/><\/span>  <\/label><\/p>\n<p><label> Tw\u00f3j email* <span class=\"wpcf7-form-control-wrap your-email\"><input type=\"email\" name=\"your-email\" value=\"example@example.com\" size=\"40\" class=\"wpcf7-form-control wpcf7-text wpcf7-email wpcf7-validates-as-required wpcf7-validates-as-email\" aria-required=\"true\" aria-invalid=\"false\" \/><\/span> <\/label><\/p>\n<p><label> Telefon* <span class=\"wpcf7-form-control-wrap your-tel\"><input type=\"tel\" name=\"your-tel\" value=\"+48 123456789\" size=\"40\" class=\"wpcf7-form-control wpcf7-text wpcf7-tel wpcf7-validates-as-required wpcf7-validates-as-tel\" aria-required=\"true\" aria-invalid=\"false\" \/><\/span> <\/label><\/p>\n<p><label> Dane do faktury*<br \/>\n<span class=\"wpcf7-form-control-wrap danedofaktury\"><textarea name=\"danedofaktury\" cols=\"40\" rows=\"10\" class=\"wpcf7-form-control wpcf7-textarea wpcf7-validates-as-required\" aria-required=\"true\" aria-invalid=\"false\"><\/textarea><\/span> <\/label><\/p>\n<p><span class=\"wpcf7-form-control-wrap your-consent\"><span class=\"wpcf7-form-control wpcf7-acceptance\"><span class=\"wpcf7-list-item\"><label><input type=\"checkbox\" name=\"your-consent\" value=\"1\" aria-invalid=\"false\" \/><span class=\"wpcf7-list-item-label\">Wyra\u017cam zgod\u0119 na przetwarzanie moich danych osobowych do cel\u00f3w obs\u0142ugi szkolenia*<\/span><\/label><\/span><\/span><\/span><\/p>\n<p><span class=\"wpcf7-form-control-wrap your-consent\"><span class=\"wpcf7-form-control wpcf7-acceptance\"><span class=\"wpcf7-list-item\"><label><input type=\"checkbox\" name=\"your-consent\" value=\"1\" aria-invalid=\"false\" \/><span class=\"wpcf7-list-item-label\">Zobowi\u0105zuj\u0119 si\u0119 wnie\u015b\u0107 op\u0142at\u0119 za szkolenie najp\u00f3\u017aniej 5 dni przed terminem szkolenia*<\/span><\/label><\/span><\/span><\/span><\/p>\n<p><input type=\"submit\" value=\"Wy\u015blij\" class=\"wpcf7-form-control wpcf7-submit\" \/><\/p>\n<div class=\"wpcf7-response-output\" aria-hidden=\"true\"><\/div><\/form><\/div><\/div>\n<!-- \/wp:contact-form-7\/contact-form-selector -->\t\t\t\t\t\t<\/div>\n\t\t\t\t<\/div>\n\t\t\t\t\t<\/div>\n\t\t<\/div>\n\t\t\t\t\t\t\t<\/div>\n\t\t<\/section>\n\t\t\t\t\t\t<\/div>\n\t\t\t\t\t<\/div>\n\t\t","protected":false},"excerpt":{"rendered":"","protected":false},"author":2,"featured_media":0,"parent":0,"menu_order":0,"comment_status":"closed","ping_status":"closed","template":"","meta":{"footnotes":""},"class_list":["post-165","page","type-page","status-publish","hentry"],"_links":{"self":[{"href":"https:\/\/www.akademia-umiejetnosci.ue.katowice.pl\/index.php\/wp-json\/wp\/v2\/pages\/165","targetHints":{"allow":["GET"]}}],"collection":[{"href":"https:\/\/www.akademia-umiejetnosci.ue.katowice.pl\/index.php\/wp-json\/wp\/v2\/pages"}],"about":[{"href":"https:\/\/www.akademia-umiejetnosci.ue.katowice.pl\/index.php\/wp-json\/wp\/v2\/types\/page"}],"author":[{"embeddable":true,"href":"https:\/\/www.akademia-umiejetnosci.ue.katowice.pl\/index.php\/wp-json\/wp\/v2\/users\/2"}],"replies":[{"embeddable":true,"href":"https:\/\/www.akademia-umiejetnosci.ue.katowice.pl\/index.php\/wp-json\/wp\/v2\/comments?post=165"}],"version-history":[{"count":14,"href":"https:\/\/www.akademia-umiejetnosci.ue.katowice.pl\/index.php\/wp-json\/wp\/v2\/pages\/165\/revisions"}],"predecessor-version":[{"id":502,"href":"https:\/\/www.akademia-umiejetnosci.ue.katowice.pl\/index.php\/wp-json\/wp\/v2\/pages\/165\/revisions\/502"}],"wp:attachment":[{"href":"https:\/\/www.akademia-umiejetnosci.ue.katowice.pl\/index.php\/wp-json\/wp\/v2\/media?parent=165"}],"curies":[{"name":"wp","href":"https:\/\/api.w.org\/{rel}","templated":true}]}}