{"id":608,"date":"2021-10-22T18:08:16","date_gmt":"2021-10-22T16:08:16","guid":{"rendered":"https:\/\/www.akademia-umiejetnosci.ue.katowice.pl\/?page_id=608"},"modified":"2021-11-30T18:41:22","modified_gmt":"2021-11-30T17:41:22","slug":"fakturowanie","status":"publish","type":"page","link":"https:\/\/www.akademia-umiejetnosci.ue.katowice.pl\/index.php\/fakturowanie\/","title":{"rendered":"Obs\u0142uga faktur sprzeda\u017cy"},"content":{"rendered":"\t\t<div data-elementor-type=\"wp-page\" data-elementor-id=\"608\" class=\"elementor elementor-608\" data-elementor-settings=\"[]\">\n\t\t\t\t\t\t\t<div class=\"elementor-section-wrap\">\n\t\t\t\t\t\t\t<section class=\"elementor-section elementor-top-section elementor-element elementor-element-3a37542 elementor-section-boxed elementor-section-height-default elementor-section-height-default\" data-id=\"3a37542\" data-element_type=\"section\">\n\t\t\t\t\t\t<div class=\"elementor-container elementor-column-gap-default\">\n\t\t\t\t\t<div class=\"elementor-column elementor-col-100 elementor-top-column elementor-element elementor-element-cde538e\" data-id=\"cde538e\" data-element_type=\"column\">\n\t\t\t<div class=\"elementor-widget-wrap elementor-element-populated\">\n\t\t\t\t\t\t\t\t<div class=\"elementor-element elementor-element-3d4a519 elementor-tabs-view-horizontal elementor-widget elementor-widget-tabs\" data-id=\"3d4a519\" data-element_type=\"widget\" data-widget_type=\"tabs.default\">\n\t\t\t\t<div class=\"elementor-widget-container\">\n\t\t\t\t\t<div class=\"elementor-tabs\">\n\t\t\t<div class=\"elementor-tabs-wrapper\" role=\"tablist\" >\n\t\t\t\t\t\t\t\t\t<div id=\"elementor-tab-title-6421\" class=\"elementor-tab-title elementor-tab-desktop-title\" aria-selected=\"true\" data-tab=\"1\" role=\"tab\" tabindex=\"0\" aria-controls=\"elementor-tab-content-6421\" aria-expanded=\"false\">Opis szkolenia<\/div>\n\t\t\t\t\t\t\t\t\t<div id=\"elementor-tab-title-6422\" class=\"elementor-tab-title elementor-tab-desktop-title\" aria-selected=\"false\" data-tab=\"2\" role=\"tab\" tabindex=\"-1\" aria-controls=\"elementor-tab-content-6422\" aria-expanded=\"false\">Program szkolenia<\/div>\n\t\t\t\t\t\t\t<\/div>\n\t\t\t<div class=\"elementor-tabs-content-wrapper\" role=\"tablist\" aria-orientation=\"vertical\">\n\t\t\t\t\t\t\t\t\t<div class=\"elementor-tab-title elementor-tab-mobile-title\" aria-selected=\"true\" data-tab=\"1\" role=\"tab\" tabindex=\"0\" aria-controls=\"elementor-tab-content-6421\" aria-expanded=\"false\">Opis szkolenia<\/div>\n\t\t\t\t\t<div id=\"elementor-tab-content-6421\" class=\"elementor-tab-content elementor-clearfix\" data-tab=\"1\" role=\"tabpanel\" aria-labelledby=\"elementor-tab-title-6421\" tabindex=\"0\" hidden=\"false\"><p><strong>Termin:<\/strong> 21-22.12.2021<br \/><strong>Miejsce:<\/strong>\u00a0<a href=\"https:\/\/www.google.pl\/maps\/place\/Centrum+Nowoczesnych+Technologii+Informatycznych\/@50.2606246,19.043421,17z\/data=!3m1!4b1!4m5!3m4!1s0x4716cfcea6cfa6f1:0x333417018f914e11!8m2!3d50.2606246!4d19.0456097\" target=\"_blank\" rel=\"noreferrer noopener\">Uniwersytet Ekonomiczny w Katowicach, CNTI Sala: 2\/19<\/a><\/p><p><strong>Czas trwania:<\/strong>\u00a02 dni<br \/><strong>Maksymalna liczba os\u00f3b w grupie:<\/strong> \u00a0Tomasz O\u017cga<\/p><\/div>\n\t\t\t\t\t\t\t\t\t<div class=\"elementor-tab-title elementor-tab-mobile-title\" aria-selected=\"false\" data-tab=\"2\" role=\"tab\" tabindex=\"-1\" aria-controls=\"elementor-tab-content-6422\" aria-expanded=\"false\">Program szkolenia<\/div>\n\t\t\t\t\t<div id=\"elementor-tab-content-6422\" class=\"elementor-tab-content elementor-clearfix\" data-tab=\"2\" role=\"tabpanel\" aria-labelledby=\"elementor-tab-title-6422\" tabindex=\"0\" hidden=\"hidden\"><h3>1 dzie\u0144<\/h3><ul><li><strong>Rodzaje faktur i konfiguracja rejestr\u00f3w i faktur sprzeda\u017cy<\/strong><\/li><li><strong>Rodzaje faktur i konfiguracja rejestr\u00f3w i faktur sprzeda\u017cy \u2013 kontynuacja<\/strong><\/li><li><strong>Konfiguracja rachunk\u00f3w bankowych na fakturach sprzeda\u017cy<\/strong><\/li><li><strong>Metoda podzielonej p\u0142atno\u015bci<\/strong><\/li><li><strong>Fakturowanie seryjne<\/strong><\/li><\/ul><p>\u00a0<\/p><h3>2 dzie\u0144<\/h3><ul><li><strong>Fakturowanie sprzeda\u017cy w tym zbiorcze fakturowanie WZ z formatki \u201eDokumenty WZ i ZZ do zafakturowania\u201d<\/strong><\/li><li><strong>E-faktury sprzeda\u017cy<\/strong><\/li><li><strong>Obs\u0142uga limit\u00f3w zad\u0142u\u017cenia<\/strong><\/li><\/ul><\/div>\n\t\t\t\t\t\t\t<\/div>\n\t\t<\/div>\n\t\t\t\t<\/div>\n\t\t\t\t<\/div>\n\t\t\t\t<div class=\"elementor-element elementor-element-49126bb elementor-widget elementor-widget-heading\" data-id=\"49126bb\" data-element_type=\"widget\" data-widget_type=\"heading.default\">\n\t\t\t\t<div class=\"elementor-widget-container\">\n\t\t\t<h3 class=\"elementor-heading-title elementor-size-default\">Cena: 1400 z\u0142 (brutto)<\/h3>\t\t<\/div>\n\t\t\t\t<\/div>\n\t\t\t\t<div class=\"elementor-element elementor-element-b8eaa03 elementor-widget-divider--view-line elementor-widget elementor-widget-divider\" data-id=\"b8eaa03\" data-element_type=\"widget\" data-widget_type=\"divider.default\">\n\t\t\t\t<div class=\"elementor-widget-container\">\n\t\t\t\t\t<div class=\"elementor-divider\">\n\t\t\t<span class=\"elementor-divider-separator\">\n\t\t\t\t\t\t<\/span>\n\t\t<\/div>\n\t\t\t\t<\/div>\n\t\t\t\t<\/div>\n\t\t\t\t<div class=\"elementor-element elementor-element-e9e52cb elementor-widget elementor-widget-button\" data-id=\"e9e52cb\" data-element_type=\"widget\" data-widget_type=\"button.default\">\n\t\t\t\t<div class=\"elementor-widget-container\">\n\t\t\t\t\t<div class=\"elementor-button-wrapper\">\n\t\t\t<a href=\"https:\/\/www.akademia-umiejetnosci.ue.katowice.pl\/index.php\/rejestracja-na-szkolenie\/\" class=\"elementor-button-link elementor-button elementor-size-sm\" role=\"button\">\n\t\t\t\t\t\t<span class=\"elementor-button-content-wrapper\">\n\t\t\t\t\t\t<span class=\"elementor-button-text\">Zarejestruj si\u0119<\/span>\n\t\t<\/span>\n\t\t\t\t\t<\/a>\n\t\t<\/div>\n\t\t\t\t<\/div>\n\t\t\t\t<\/div>\n\t\t\t\t<div class=\"elementor-element elementor-element-5620a85 elementor-widget-divider--view-line elementor-widget elementor-widget-divider\" data-id=\"5620a85\" data-element_type=\"widget\" data-widget_type=\"divider.default\">\n\t\t\t\t<div class=\"elementor-widget-container\">\n\t\t\t\t\t<div class=\"elementor-divider\">\n\t\t\t<span class=\"elementor-divider-separator\">\n\t\t\t\t\t\t<\/span>\n\t\t<\/div>\n\t\t\t\t<\/div>\n\t\t\t\t<\/div>\n\t\t\t\t<div class=\"elementor-element elementor-element-b57b044 elementor-widget elementor-widget-google_maps\" data-id=\"b57b044\" data-element_type=\"widget\" data-widget_type=\"google_maps.default\">\n\t\t\t\t<div class=\"elementor-widget-container\">\n\t\t\t\t\t<div class=\"elementor-custom-embed\">\n\t\t\t<iframe frameborder=\"0\" scrolling=\"no\" marginheight=\"0\" marginwidth=\"0\"\n\t\t\t\t\tsrc=\"https:\/\/maps.google.com\/maps?q=Centrum%20Nowoczesnych%20Technologii%20Informatycznych%2C%20Katowice&#038;t=m&#038;z=10&#038;output=embed&#038;iwloc=near\"\n\t\t\t\t\ttitle=\"Centrum Nowoczesnych Technologii Informatycznych, Katowice\"\n\t\t\t\t\taria-label=\"Centrum Nowoczesnych Technologii Informatycznych, Katowice\"\n\t\t\t><\/iframe>\n\t\t<\/div>\n\t\t\t\t<\/div>\n\t\t\t\t<\/div>\n\t\t\t\t\t<\/div>\n\t\t<\/div>\n\t\t\t\t\t\t\t<\/div>\n\t\t<\/section>\n\t\t\t\t\t\t<\/div>\n\t\t\t\t\t<\/div>\n\t\t","protected":false},"excerpt":{"rendered":"<p>Opis szkolenia Program szkolenia Opis szkolenia Termin: 21-22.12.2021Miejsce:\u00a0Uniwersytet Ekonomiczny w Katowicach, CNTI Sala: 2\/19 Czas trwania:\u00a02 dniMaksymalna liczba os\u00f3b w grupie: \u00a0Tomasz O\u017cga Program szkolenia 1 dzie\u0144 Rodzaje faktur i konfiguracja rejestr\u00f3w i faktur sprzeda\u017cy Rodzaje faktur i konfiguracja rejestr\u00f3w i faktur&#8230;<\/p>\n","protected":false},"author":2,"featured_media":0,"parent":0,"menu_order":0,"comment_status":"closed","ping_status":"closed","template":"","meta":{"footnotes":""},"class_list":["post-608","page","type-page","status-publish","hentry"],"_links":{"self":[{"href":"https:\/\/www.akademia-umiejetnosci.ue.katowice.pl\/index.php\/wp-json\/wp\/v2\/pages\/608","targetHints":{"allow":["GET"]}}],"collection":[{"href":"https:\/\/www.akademia-umiejetnosci.ue.katowice.pl\/index.php\/wp-json\/wp\/v2\/pages"}],"about":[{"href":"https:\/\/www.akademia-umiejetnosci.ue.katowice.pl\/index.php\/wp-json\/wp\/v2\/types\/page"}],"author":[{"embeddable":true,"href":"https:\/\/www.akademia-umiejetnosci.ue.katowice.pl\/index.php\/wp-json\/wp\/v2\/users\/2"}],"replies":[{"embeddable":true,"href":"https:\/\/www.akademia-umiejetnosci.ue.katowice.pl\/index.php\/wp-json\/wp\/v2\/comments?post=608"}],"version-history":[{"count":29,"href":"https:\/\/www.akademia-umiejetnosci.ue.katowice.pl\/index.php\/wp-json\/wp\/v2\/pages\/608\/revisions"}],"predecessor-version":[{"id":661,"href":"https:\/\/www.akademia-umiejetnosci.ue.katowice.pl\/index.php\/wp-json\/wp\/v2\/pages\/608\/revisions\/661"}],"wp:attachment":[{"href":"https:\/\/www.akademia-umiejetnosci.ue.katowice.pl\/index.php\/wp-json\/wp\/v2\/media?parent=608"}],"curies":[{"name":"wp","href":"https:\/\/api.w.org\/{rel}","templated":true}]}}