{"id":87,"date":"2021-07-15T12:11:34","date_gmt":"2021-07-15T10:11:34","guid":{"rendered":"https:\/\/www.akademia-umiejetnosci.ue.katowice.pl\/?page_id=87"},"modified":"2021-07-15T12:11:55","modified_gmt":"2021-07-15T10:11:55","slug":"rodo","status":"publish","type":"page","link":"https:\/\/www.akademia-umiejetnosci.ue.katowice.pl\/index.php\/rodo\/","title":{"rendered":"RODO"},"content":{"rendered":"\n<p id=\"h.p_11IGNHt7meOc\"><strong>Informacja o przetwarzaniu danych osobowych<\/strong><\/p>\n\n\n\n<p id=\"h.p_tOOHdmn5bJ73\"><strong>Uniwersytet Ekonomiczny w Katowicach, ul. 1 Maja 50, 40-287 Katowice, jako administrator danych osobowych informuje, \u017ce:<\/strong><\/p>\n\n\n\n<ol class=\"wp-block-list\"><li>Podanie danych osobowych jest dobrowolne, ale niezb\u0119dne do przeprowadzenia rekrutacji. Niepodanie tych danych skutkuje brakiem mo\u017cliwo\u015bci wzi\u0119cia udzia\u0142u w rekrutacji;<\/li><li>Ma Pani\/Pan prawo do dost\u0119pu do tre\u015bci swoich danych. Mo\u017ce Pani\/Pan je poprawia\u0107, aktualizowa\u0107, cofn\u0105\u0107 zgod\u0119 na ich przetwarzanie w dowolnym momencie bez wp\u0142ywu na zgodno\u015b\u0107 z prawem przetwarzania;<\/li><li>Dane s\u0105 wykorzystywane do przeprowadzenia post\u0119powania rekrutacyjnego na szkolenie;<\/li><li>Podane dane s\u0105 przetwarzane na podstawie przepis\u00f3w:<ul><li>Rozporz\u0105dzenie Parlamentu Europejskiego i Rady (UE) 2016\/679 z dnia 27 kwietnia 2016 r. w sprawie ochrony os\u00f3b fizycznych art.6 pkt b),<\/li><li>zgody na przetwarzanie danych kontaktowych tj. telefonu lub\/i emaila;<\/li><\/ul><\/li><li>Uniwersytet Ekonomiczny w Katowicach b\u0119dzie przechowywa\u0142 Pani\/Pana dane przez 5 lat;<\/li><li>Pani\/Pana dane nie b\u0119d\u0105 przekazane do pa\u0144stwa trzeciego oraz organizacji mi\u0119dzynarodowej, chyba, \u017ce b\u0119dzie to wynika\u0142o z obowi\u0105zuj\u0105cych przepis\u00f3w prawa;<\/li><li>Wszelkie pytania, w\u0105tpliwo\u015bci zwi\u0105zane z ochron\u0105 danych osobowych prosimy kierowa\u0107 na adres: brw@ue.katowice.pl<\/li><\/ol>\n\n\n\n<p id=\"h.p_ncSN3RstbJ-0\"><\/p>\n","protected":false},"excerpt":{"rendered":"<p>Informacja o przetwarzaniu danych osobowych Uniwersytet Ekonomiczny w Katowicach, ul. 1 Maja 50, 40-287 Katowice, jako administrator danych osobowych informuje, \u017ce: Podanie danych osobowych jest dobrowolne, ale niezb\u0119dne do przeprowadzenia rekrutacji. Niepodanie tych danych skutkuje brakiem mo\u017cliwo\u015bci wzi\u0119cia udzia\u0142u w rekrutacji; Ma&#8230;<\/p>\n","protected":false},"author":2,"featured_media":0,"parent":0,"menu_order":0,"comment_status":"closed","ping_status":"closed","template":"","meta":{"footnotes":""},"class_list":["post-87","page","type-page","status-publish","hentry"],"_links":{"self":[{"href":"https:\/\/www.akademia-umiejetnosci.ue.katowice.pl\/index.php\/wp-json\/wp\/v2\/pages\/87","targetHints":{"allow":["GET"]}}],"collection":[{"href":"https:\/\/www.akademia-umiejetnosci.ue.katowice.pl\/index.php\/wp-json\/wp\/v2\/pages"}],"about":[{"href":"https:\/\/www.akademia-umiejetnosci.ue.katowice.pl\/index.php\/wp-json\/wp\/v2\/types\/page"}],"author":[{"embeddable":true,"href":"https:\/\/www.akademia-umiejetnosci.ue.katowice.pl\/index.php\/wp-json\/wp\/v2\/users\/2"}],"replies":[{"embeddable":true,"href":"https:\/\/www.akademia-umiejetnosci.ue.katowice.pl\/index.php\/wp-json\/wp\/v2\/comments?post=87"}],"version-history":[{"count":1,"href":"https:\/\/www.akademia-umiejetnosci.ue.katowice.pl\/index.php\/wp-json\/wp\/v2\/pages\/87\/revisions"}],"predecessor-version":[{"id":89,"href":"https:\/\/www.akademia-umiejetnosci.ue.katowice.pl\/index.php\/wp-json\/wp\/v2\/pages\/87\/revisions\/89"}],"wp:attachment":[{"href":"https:\/\/www.akademia-umiejetnosci.ue.katowice.pl\/index.php\/wp-json\/wp\/v2\/media?parent=87"}],"curies":[{"name":"wp","href":"https:\/\/api.w.org\/{rel}","templated":true}]}}